{"id":1330,"date":"2022-11-17T15:58:11","date_gmt":"2022-11-17T14:58:11","guid":{"rendered":"https:\/\/lafourchettedesducs.com\/contact\/"},"modified":"2022-11-17T15:58:11","modified_gmt":"2022-11-17T14:58:11","slug":"contact","status":"publish","type":"page","link":"https:\/\/lafourchettedesducs.com\/en\/contact\/","title":{"rendered":"Contact"},"content":{"rendered":"\t\t<div data-elementor-type=\"wp-page\" data-elementor-id=\"1330\" class=\"elementor elementor-1330 elementor-409\" data-elementor-post-type=\"page\">\n\t\t\t\t\t\t<section class=\"elementor-section elementor-top-section elementor-element elementor-element-046ec8c elementor-section-full_width elementor-section-height-default elementor-section-height-default\" data-id=\"046ec8c\" data-element_type=\"section\" data-e-type=\"section\">\n\t\t\t\t\t\t<div class=\"elementor-container elementor-column-gap-default\">\n\t\t\t\t\t<div class=\"elementor-column elementor-col-100 elementor-top-column elementor-element elementor-element-b534a33\" data-id=\"b534a33\" data-element_type=\"column\" data-e-type=\"column\">\n\t\t\t<div class=\"elementor-widget-wrap elementor-element-populated\">\n\t\t\t\t\t\t<section class=\"elementor-section elementor-inner-section elementor-element elementor-element-9a75785 elementor-section-boxed elementor-section-height-default elementor-section-height-default\" data-id=\"9a75785\" data-element_type=\"section\" data-e-type=\"section\">\n\t\t\t\t\t\t<div class=\"elementor-container elementor-column-gap-default\">\n\t\t\t\t\t<div class=\"elementor-column elementor-col-100 elementor-inner-column elementor-element elementor-element-70623cb\" data-id=\"70623cb\" data-element_type=\"column\" data-e-type=\"column\">\n\t\t\t<div class=\"elementor-widget-wrap elementor-element-populated\">\n\t\t\t\t\t\t<div class=\"elementor-element elementor-element-9372f2f elementor-invisible elementor-widget elementor-widget-heading\" data-id=\"9372f2f\" data-element_type=\"widget\" data-e-type=\"widget\" data-settings=\"{&quot;motion_fx_motion_fx_scrolling&quot;:&quot;yes&quot;,&quot;motion_fx_translateY_effect&quot;:&quot;yes&quot;,&quot;motion_fx_translateY_speed&quot;:{&quot;unit&quot;:&quot;px&quot;,&quot;size&quot;:6,&quot;sizes&quot;:[]},&quot;_animation&quot;:&quot;fadeIn&quot;,&quot;_animation_delay&quot;:500,&quot;motion_fx_devices&quot;:[&quot;desktop&quot;,&quot;tablet&quot;],&quot;motion_fx_translateY_affectedRange&quot;:{&quot;unit&quot;:&quot;%&quot;,&quot;size&quot;:&quot;&quot;,&quot;sizes&quot;:{&quot;start&quot;:0,&quot;end&quot;:100}}}\" data-widget_type=\"heading.default\">\n\t\t\t\t\t<h1 class=\"elementor-heading-title elementor-size-default\">Contact<\/h1>\t\t\t\t<\/div>\n\t\t\t\t<div class=\"elementor-element elementor-element-91b2eae elementor-invisible elementor-widget elementor-widget-heading\" data-id=\"91b2eae\" data-element_type=\"widget\" data-e-type=\"widget\" data-settings=\"{&quot;motion_fx_motion_fx_scrolling&quot;:&quot;yes&quot;,&quot;motion_fx_translateY_effect&quot;:&quot;yes&quot;,&quot;motion_fx_translateY_speed&quot;:{&quot;unit&quot;:&quot;px&quot;,&quot;size&quot;:6,&quot;sizes&quot;:[]},&quot;_animation&quot;:&quot;fadeIn&quot;,&quot;_animation_delay&quot;:1000,&quot;motion_fx_devices&quot;:[&quot;desktop&quot;,&quot;tablet&quot;],&quot;motion_fx_translateY_affectedRange&quot;:{&quot;unit&quot;:&quot;%&quot;,&quot;size&quot;:&quot;&quot;,&quot;sizes&quot;:{&quot;start&quot;:0,&quot;end&quot;:100}}}\" data-widget_type=\"heading.default\">\n\t\t\t\t\t<h2 class=\"elementor-heading-title elementor-size-default\">La Fourchette des Ducs, restaurant \u00e9toil\u00e9 \u00e0 Obernai.<\/h2>\t\t\t\t<\/div>\n\t\t\t\t\t<\/div>\n\t\t<\/div>\n\t\t\t\t\t<\/div>\n\t\t<\/section>\n\t\t\t\t<div class=\"elementor-element elementor-element-7c8886f elementor--h-position-center elementor--v-position-middle elementor-arrows-position-inside elementor-pagination-position-inside elementor-invisible elementor-widget elementor-widget-slides\" data-id=\"7c8886f\" data-element_type=\"widget\" data-e-type=\"widget\" data-settings=\"{&quot;_animation&quot;:&quot;fadeIn&quot;,&quot;navigation&quot;:&quot;both&quot;,&quot;autoplay&quot;:&quot;yes&quot;,&quot;pause_on_hover&quot;:&quot;yes&quot;,&quot;pause_on_interaction&quot;:&quot;yes&quot;,&quot;autoplay_speed&quot;:5000,&quot;infinite&quot;:&quot;yes&quot;,&quot;transition&quot;:&quot;slide&quot;,&quot;transition_speed&quot;:500}\" data-widget_type=\"slides.default\">\n\t\t\t\t\t\t\t\t\t\t<div class=\"elementor-slides-wrapper elementor-main-swiper swiper\" role=\"region\" aria-roledescription=\"carousel\" aria-label=\"Slides\" dir=\"ltr\" data-animation=\"fadeInUp\">\n\t\t\t\t<div class=\"swiper-wrapper elementor-slides\">\n\t\t\t\t\t\t\t\t\t\t<div class=\"elementor-repeater-item-f758094 swiper-slide\" role=\"group\" aria-roledescription=\"slide\"><div class=\"swiper-slide-bg elementor-ken-burns elementor-ken-burns--in\" role=\"img\" aria-label=\"Fourchette-des-Ducs-35\"><\/div><div class=\"elementor-background-overlay\"><\/div><div class=\"swiper-slide-inner\" ><div class=\"swiper-slide-contents\"><\/div><\/div><\/div>\t\t\t\t<\/div>\n\t\t\t\t\t\t\t<\/div>\n\t\t\t\t\t\t\t\t<\/div>\n\t\t\t\t\t<\/div>\n\t\t<\/div>\n\t\t\t\t\t<\/div>\n\t\t<\/section>\n\t\t\t\t<section class=\"elementor-section elementor-top-section elementor-element elementor-element-9b4b349 elementor-section-boxed elementor-section-height-default elementor-section-height-default\" data-id=\"9b4b349\" data-element_type=\"section\" data-e-type=\"section\">\n\t\t\t\t\t\t<div class=\"elementor-container elementor-column-gap-default\">\n\t\t\t\t\t<div class=\"elementor-column elementor-col-100 elementor-top-column elementor-element elementor-element-02df39b\" data-id=\"02df39b\" data-element_type=\"column\" data-e-type=\"column\">\n\t\t\t<div class=\"elementor-widget-wrap elementor-element-populated\">\n\t\t\t\t\t\t<div class=\"elementor-element elementor-element-84c01e3 elementor-absolute elementor-view-default elementor-invisible elementor-widget elementor-widget-icon\" data-id=\"84c01e3\" data-element_type=\"widget\" data-e-type=\"widget\" data-settings=\"{&quot;_position&quot;:&quot;absolute&quot;,&quot;_animation&quot;:&quot;fadeInUp&quot;,&quot;_animation_delay&quot;:2000}\" data-widget_type=\"icon.default\">\n\t\t\t\t\t\t\t<div class=\"elementor-icon-wrapper\">\n\t\t\t<a class=\"elementor-icon\" href=\"#intro\">\n\t\t\t<svg xmlns=\"http:\/\/www.w3.org\/2000\/svg\" xmlns:xlink=\"http:\/\/www.w3.org\/1999\/xlink\" id=\"Calque_1\" x=\"0px\" y=\"0px\" viewBox=\"0 0 50 50\" style=\"enable-background:new 0 0 50 50;\" xml:space=\"preserve\"><style type=\"text\/css\">\t.st0{display:none;fill:none;stroke:#F95810;stroke-miterlimit:10;}\t.st1{fill:#FFFFFF;}\t.st2{fill:#F95810;}<\/style><circle class=\"st0\" cx=\"24.8\" cy=\"25.3\" r=\"25\"><\/circle><g>\t<circle class=\"st1\" cx=\"25\" cy=\"25\" r=\"25\"><\/circle>\t<g>\t\t<path class=\"st2\" d=\"M25,36.2c-0.3,0-0.5-0.2-0.5-0.5V14.3c0-0.3,0.2-0.5,0.5-0.5s0.5,0.2,0.5,0.5v21.5C25.5,36,25.3,36.2,25,36.2   z\"><\/path>\t\t<path class=\"st2\" d=\"M25,36.2c-0.1,0-0.3,0-0.4-0.1l-7.6-7.6c-0.2-0.2-0.2-0.5,0-0.7s0.5-0.2,0.7,0l7.6,7.6c0.2,0.2,0.2,0.5,0,0.7   C25.3,36.2,25.1,36.2,25,36.2z\"><\/path>\t\t<path class=\"st2\" d=\"M25,36.2c-0.1,0-0.3,0-0.4-0.1c-0.2-0.2-0.2-0.5,0-0.7l7.6-7.6c0.2-0.2,0.5-0.2,0.7,0s0.2,0.5,0,0.7l-7.6,7.6   C25.3,36.2,25.1,36.2,25,36.2z\"><\/path>\t<\/g><\/g><\/svg>\t\t\t<\/a>\n\t\t<\/div>\n\t\t\t\t\t\t<\/div>\n\t\t\t\t\t<\/div>\n\t\t<\/div>\n\t\t\t\t\t<\/div>\n\t\t<\/section>\n\t\t\t\t<section class=\"elementor-section elementor-top-section elementor-element elementor-element-288b41f elementor-section-boxed elementor-section-height-default elementor-section-height-default\" data-id=\"288b41f\" data-element_type=\"section\" data-e-type=\"section\" id=\"intro\">\n\t\t\t\t\t\t<div class=\"elementor-container elementor-column-gap-default\">\n\t\t\t\t\t<div class=\"elementor-column elementor-col-100 elementor-top-column elementor-element elementor-element-70a2abe elementor-invisible\" data-id=\"70a2abe\" data-element_type=\"column\" data-e-type=\"column\" data-settings=\"{&quot;animation&quot;:&quot;fadeInUp&quot;}\">\n\t\t\t<div class=\"elementor-widget-wrap elementor-element-populated\">\n\t\t\t\t\t\t<div class=\"elementor-element elementor-element-7aab5c4 elementor-widget elementor-widget-image\" data-id=\"7aab5c4\" data-element_type=\"widget\" data-e-type=\"widget\" data-widget_type=\"image.default\">\n\t\t\t\t\t\t\t\t\t\t\t\t\t\t\t<img fetchpriority=\"high\" decoding=\"async\" width=\"159\" height=\"429\" src=\"https:\/\/lafourchettedesducs.com\/wp-content\/uploads\/2022\/11\/logo_fourchette.png\" class=\"attachment-large size-large wp-image-274\" alt=\"\" srcset=\"https:\/\/lafourchettedesducs.com\/wp-content\/uploads\/2022\/11\/logo_fourchette.png 159w, https:\/\/lafourchettedesducs.com\/wp-content\/uploads\/2022\/11\/logo_fourchette-111x300.png 111w\" sizes=\"(max-width: 159px) 100vw, 159px\" \/>\t\t\t\t\t\t\t\t\t\t\t\t\t\t\t<\/div>\n\t\t\t\t<div class=\"elementor-element elementor-element-029e741 elementor-widget elementor-widget-image\" data-id=\"029e741\" data-element_type=\"widget\" data-e-type=\"widget\" data-widget_type=\"image.default\">\n\t\t\t\t\t\t\t\t\t\t\t\t\t\t\t<img decoding=\"async\" width=\"635\" height=\"61\" src=\"https:\/\/lafourchettedesducs.com\/wp-content\/uploads\/2022\/11\/Fourchette-des-ducs.png\" class=\"attachment-large size-large wp-image-294\" alt=\"\" srcset=\"https:\/\/lafourchettedesducs.com\/wp-content\/uploads\/2022\/11\/Fourchette-des-ducs.png 635w, https:\/\/lafourchettedesducs.com\/wp-content\/uploads\/2022\/11\/Fourchette-des-ducs-300x29.png 300w\" sizes=\"(max-width: 635px) 100vw, 635px\" \/>\t\t\t\t\t\t\t\t\t\t\t\t\t\t\t<\/div>\n\t\t\t\t<div class=\"elementor-element elementor-element-a33bd5b elementor-widget elementor-widget-text-editor\" data-id=\"a33bd5b\" data-element_type=\"widget\" data-e-type=\"widget\" data-widget_type=\"text-editor.default\">\n\t\t\t\t\t\t\t\t\t<p>Ouvert Le soir du mardi au samedi et le dimanche midi.<\/p><p>6 Rue de la Gare 67210 OBERNAI, ALSACE.<\/p><p>Tel. : <a href=\"tel:+33388483338\">+33 3 88 48 33 38<\/a><\/p><p>Mail :\u00a0 <a href=\"mailto:info@lafourchettedesducs.com\">info@lafourchettedesducs.com<\/a><\/p>\t\t\t\t\t\t\t\t<\/div>\n\t\t\t\t<div class=\"elementor-element elementor-element-b1b87c4 elementor-align-center elementor-widget elementor-widget-button\" data-id=\"b1b87c4\" data-element_type=\"widget\" data-e-type=\"widget\" data-widget_type=\"button.default\">\n\t\t\t\t\t\t\t\t\t\t<a class=\"elementor-button elementor-button-link elementor-size-md\" href=\"https:\/\/lafourchettedesducs.com\/reservation\/\">\n\t\t\t\t\t\t<span class=\"elementor-button-content-wrapper\">\n\t\t\t\t\t\t\t\t\t<span class=\"elementor-button-text\">R\u00e9servation<\/span>\n\t\t\t\t\t<\/span>\n\t\t\t\t\t<\/a>\n\t\t\t\t\t\t\t\t<\/div>\n\t\t\t\t<div class=\"elementor-element elementor-element-5b601bf elementor-widget elementor-widget-image\" data-id=\"5b601bf\" data-element_type=\"widget\" data-e-type=\"widget\" data-widget_type=\"image.default\">\n\t\t\t\t\t\t\t\t\t\t\t\t\t\t\t\t<a href=\"https:\/\/guide.michelin.com\/fr\/fr\/grand-est\/obernai\/restaurant\/la-fourchette-des-ducs\" target=\"_blank\">\n\t\t\t\t\t\t\t<img decoding=\"async\" width=\"800\" height=\"413\" src=\"https:\/\/lafourchettedesducs.com\/wp-content\/uploads\/2022\/11\/Etoile_Michelin_2.svg\" class=\"attachment-large size-large wp-image-418\" alt=\"\" \/>\t\t\t\t\t\t\t\t<\/a>\n\t\t\t\t\t\t\t\t\t\t\t\t\t\t\t<\/div>\n\t\t\t\t<div class=\"elementor-element elementor-element-c1ef847 elementor-widget elementor-widget-heading\" data-id=\"c1ef847\" data-element_type=\"widget\" data-e-type=\"widget\" data-widget_type=\"heading.default\">\n\t\t\t\t\t<div class=\"elementor-heading-title elementor-size-default\"><a href=\"https:\/\/guide.michelin.com\/fr\/fr\/grand-est\/obernai\/restaurant\/la-fourchette-des-ducs\" target=\"_blank\">Restaurant \u00e9toil\u00e9 Michelin<\/a><\/div>\t\t\t\t<\/div>\n\t\t\t\t<div class=\"elementor-element elementor-element-da9dc28 elementor-widget elementor-widget-image\" data-id=\"da9dc28\" data-element_type=\"widget\" data-e-type=\"widget\" data-widget_type=\"image.default\">\n\t\t\t\t\t\t\t\t\t\t\t\t\t\t\t<img loading=\"lazy\" decoding=\"async\" width=\"750\" height=\"750\" src=\"https:\/\/lafourchettedesducs.com\/wp-content\/uploads\/2026\/03\/GRANDE-TABLE-ALSACE_1921.png\" class=\"attachment-large size-large wp-image-682\" alt=\"\" srcset=\"https:\/\/lafourchettedesducs.com\/wp-content\/uploads\/2026\/03\/GRANDE-TABLE-ALSACE_1921.png 750w, https:\/\/lafourchettedesducs.com\/wp-content\/uploads\/2026\/03\/GRANDE-TABLE-ALSACE_1921-300x300.png 300w, https:\/\/lafourchettedesducs.com\/wp-content\/uploads\/2026\/03\/GRANDE-TABLE-ALSACE_1921-150x150.png 150w\" sizes=\"(max-width: 750px) 100vw, 750px\" \/>\t\t\t\t\t\t\t\t\t\t\t\t\t\t\t<\/div>\n\t\t\t\t\t<\/div>\n\t\t<\/div>\n\t\t\t\t\t<\/div>\n\t\t<\/section>\n\t\t\t\t<section class=\"elementor-section elementor-top-section elementor-element elementor-element-35373f3 elementor-section-full_width elementor-section-height-default elementor-section-height-default\" data-id=\"35373f3\" data-element_type=\"section\" data-e-type=\"section\">\n\t\t\t\t\t\t<div class=\"elementor-container elementor-column-gap-default\">\n\t\t\t\t\t<div class=\"elementor-column elementor-col-100 elementor-top-column elementor-element elementor-element-3d72cbd\" data-id=\"3d72cbd\" data-element_type=\"column\" data-e-type=\"column\">\n\t\t\t<div class=\"elementor-widget-wrap elementor-element-populated\">\n\t\t\t\t\t\t<div class=\"elementor-element elementor-element-e9f4ddc elementor-widget elementor-widget-google_maps\" data-id=\"e9f4ddc\" data-element_type=\"widget\" data-e-type=\"widget\" data-widget_type=\"google_maps.default\">\n\t\t\t\t\t\t\t<div class=\"elementor-custom-embed\">\n\t\t\t<iframe loading=\"lazy\"\n\t\t\t\t\tsrc=\"https:\/\/maps.google.com\/maps?q=la%20fourchette%20des%20ducs%20obernai&#038;t=m&#038;z=11&#038;output=embed&#038;iwloc=near\"\n\t\t\t\t\ttitle=\"la fourchette des ducs obernai\"\n\t\t\t\t\taria-label=\"la fourchette des ducs obernai\"\n\t\t\t><\/iframe>\n\t\t<\/div>\n\t\t\t\t\t\t<\/div>\n\t\t\t\t\t<\/div>\n\t\t<\/div>\n\t\t\t\t\t<\/div>\n\t\t<\/section>\n\t\t\t\t<\/div>\n\t\t","protected":false},"excerpt":{"rendered":"<p>Contact La Fourchette des Ducs, restaurant \u00e9toil\u00e9 \u00e0 Obernai. Ouvert Le soir du mardi au samedi et le dimanche midi. 6 Rue de la Gare 67210 OBERNAI, ALSACE. Tel. : +33 3 88 48 33 38 Mail :\u00a0 info@lafourchettedesducs.com R\u00e9servation Restaurant \u00e9toil\u00e9 Michelin<\/p>\n","protected":false},"author":1,"featured_media":0,"parent":0,"menu_order":0,"comment_status":"closed","ping_status":"closed","template":"","meta":{"_acf_changed":false,"footnotes":""},"class_list":["post-1330","page","type-page","status-publish","hentry"],"acf":[],"_links":{"self":[{"href":"https:\/\/lafourchettedesducs.com\/en\/wp-json\/wp\/v2\/pages\/1330","targetHints":{"allow":["GET"]}}],"collection":[{"href":"https:\/\/lafourchettedesducs.com\/en\/wp-json\/wp\/v2\/pages"}],"about":[{"href":"https:\/\/lafourchettedesducs.com\/en\/wp-json\/wp\/v2\/types\/page"}],"author":[{"embeddable":true,"href":"https:\/\/lafourchettedesducs.com\/en\/wp-json\/wp\/v2\/users\/1"}],"replies":[{"embeddable":true,"href":"https:\/\/lafourchettedesducs.com\/en\/wp-json\/wp\/v2\/comments?post=1330"}],"version-history":[{"count":0,"href":"https:\/\/lafourchettedesducs.com\/en\/wp-json\/wp\/v2\/pages\/1330\/revisions"}],"wp:attachment":[{"href":"https:\/\/lafourchettedesducs.com\/en\/wp-json\/wp\/v2\/media?parent=1330"}],"curies":[{"name":"wp","href":"https:\/\/api.w.org\/{rel}","templated":true}]}}